{"id":4116,"date":"2020-08-11T14:07:01","date_gmt":"2020-08-11T14:07:01","guid":{"rendered":"https:\/\/telemar.md\/?post_type=product&#038;p=4116"},"modified":"2025-12-23T10:00:41","modified_gmt":"2025-12-23T08:00:41","slug":"joi","status":"publish","type":"product","link":"https:\/\/telemar.md\/ru\/product\/joi\/","title":{"rendered":"\u0427\u0435\u0442\u0432\u0435\u0440\u0433"},"content":{"rendered":"","protected":false},"excerpt":{"rendered":"<p><em><strong>\u041a\u043e\u043c\u043f\u043b\u0435\u043a\u0441\u043d\u043e\u0435 \u043c\u0435\u043d\u044e \u2116 4<\/strong><\/em><\/p>\n<p>&nbsp;<\/p>\n<p><em><strong>\u041a\u0440\u0430\u0441\u043d\u044b\u0439 \u0431\u043e\u0440\u0449\u00a0 1\/350<\/strong><\/em><\/p>\n<p><em><strong>\u041c\u0430\u043c\u0430\u043b\u044b\u0433\u0430\u00a0 1\/150\/15<\/strong><\/em><\/p>\n<p><em><strong>\u0425\u0435\u043a \u043e\u0431\u0436\u0430\u0440\u0435\u043d\u043d\u044b\u0439 \u0432 \u043a\u0443\u043a\u0443\u0440\u0443\u0437\u043d\u043e\u0439 \u043c\u0443\u043a\u0435\u00a0 1\/100<\/strong><\/em><\/p>\n<p><em><strong>\u0421\u0430\u043b\u0430\u0442 \u0438\u0437 \u0441\u0432\u0435\u0436\u0438\u0445 \u043e\u0432\u043e\u0449\u0435\u0439\u00a0 1\/100<\/strong><\/em><\/p>\n<p><em><strong>\u0411\u0435\u043b\u044b\u0439 \u0445\u043b\u0435\u0431\u00a0 \u00a01\/100<\/strong><\/em><\/p>\n","protected":false},"featured_media":4301,"comment_status":"closed","ping_status":"closed","template":"","meta":[],"class_list":["post-4116","product","type-product","status-publish","has-post-thumbnail","hentry","product_cat-bussines-lunch"],"yoast_head":"<!-- This site is optimized with the Yoast SEO plugin v20.9 - https:\/\/yoast.com\/wordpress\/plugins\/seo\/ -->\n<title>\u0427\u0435\u0442\u0432\u0435\u0440\u0433 - Telemar<\/title>\n<meta name=\"robots\" content=\"index, follow, max-snippet:-1, max-image-preview:large, max-video-preview:-1\" \/>\n<link rel=\"canonical\" href=\"https:\/\/telemar.md\/product\/joi\/\" \/>\n<meta property=\"og:locale\" content=\"ru_RU\" \/>\n<meta property=\"og:type\" content=\"article\" \/>\n<meta property=\"og:title\" content=\"\u0427\u0435\u0442\u0432\u0435\u0440\u0433 - Telemar\" \/>\n<meta property=\"og:description\" content=\"[:ru]\u041a\u043e\u043c\u043f\u043b\u0435\u043a\u0441\u043d\u043e\u0435 \u043c\u0435\u043d\u044e \u2116 4  &nbsp;  \u041a\u0440\u0430\u0441\u043d\u044b\u0439 \u0431\u043e\u0440\u0449\u00a0 1\/350  \u041c\u0430\u043c\u0430\u043b\u044b\u0433\u0430\u00a0 1\/150\/15  \u0425\u0435\u043a \u043e\u0431\u0436\u0430\u0440\u0435\u043d\u043d\u044b\u0439 \u0432 \u043a\u0443\u043a\u0443\u0440\u0443\u0437\u043d\u043e\u0439 \u043c\u0443\u043a\u0435\u00a0 1\/100  \u0421\u0430\u043b\u0430\u0442 \u0438\u0437 \u0441\u0432\u0435\u0436\u0438\u0445 \u043e\u0432\u043e\u0449\u0435\u0439\u00a0 1\/100  \u0411\u0435\u043b\u044b\u0439 \u0445\u043b\u0435\u0431\u00a0 \u00a01\/100[:ro]Meniu complex  Bor\u0219 cu varz\u0103   Cartofi \u00een\u0103bu\u0219i\u021bi cu \u0219old  Salat\u0103 de varz\u0103 proasp\u0103t\u0103  P\u00e2ine alb\u0103[:]\" \/>\n<meta property=\"og:url\" content=\"https:\/\/telemar.md\/product\/joi\/\" \/>\n<meta property=\"og:site_name\" content=\"Telemar\" \/>\n<meta property=\"article:modified_time\" content=\"2025-12-23T08:00:41+00:00\" \/>\n<meta property=\"og:image\" content=\"https:\/\/telemar.md\/wp-content\/uploads\/2020\/08\/foto-73-1-scaled.jpg\" \/>\n\t<meta property=\"og:image:width\" content=\"2560\" \/>\n\t<meta property=\"og:image:height\" content=\"1707\" \/>\n\t<meta property=\"og:image:type\" content=\"image\/jpeg\" \/>\n<meta name=\"twitter:card\" content=\"summary_large_image\" \/>\n<script type=\"application\/ld+json\" class=\"yoast-schema-graph\">{\"@context\":\"https:\/\/schema.org\",\"@graph\":[{\"@type\":\"WebPage\",\"@id\":\"https:\/\/telemar.md\/product\/joi\/\",\"url\":\"https:\/\/telemar.md\/product\/joi\/\",\"name\":\"\u0427\u0435\u0442\u0432\u0435\u0440\u0433 - Telemar\",\"isPartOf\":{\"@id\":\"https:\/\/telemar.md\/ro\/#website\"},\"datePublished\":\"2020-08-11T14:07:01+00:00\",\"dateModified\":\"2025-12-23T08:00:41+00:00\",\"breadcrumb\":{\"@id\":\"https:\/\/telemar.md\/product\/joi\/#breadcrumb\"},\"inLanguage\":\"ru-RU\",\"potentialAction\":[{\"@type\":\"ReadAction\",\"target\":[\"https:\/\/telemar.md\/product\/joi\/\"]}]},{\"@type\":\"BreadcrumbList\",\"@id\":\"https:\/\/telemar.md\/product\/joi\/#breadcrumb\",\"itemListElement\":[{\"@type\":\"ListItem\",\"position\":1,\"name\":\"Prima pagin\u0103\",\"item\":\"https:\/\/telemar.md\/\"},{\"@type\":\"ListItem\",\"position\":2,\"name\":\"\u041c\u0430\u0433\u0430\u0437\u0438\u043d\",\"item\":\"https:\/\/telemar.md\/ru\/shop\/\"},{\"@type\":\"ListItem\",\"position\":3,\"name\":\"Joi\"}]},{\"@type\":\"WebSite\",\"@id\":\"https:\/\/telemar.md\/ro\/#website\",\"url\":\"https:\/\/telemar.md\/ro\/\",\"name\":\"Telemar\",\"description\":\"Telemar\",\"potentialAction\":[{\"@type\":\"SearchAction\",\"target\":{\"@type\":\"EntryPoint\",\"urlTemplate\":\"https:\/\/telemar.md\/ro\/?s={search_term_string}\"},\"query-input\":\"required name=search_term_string\"}],\"inLanguage\":\"ru-RU\"}]}<\/script>\n<!-- \/ Yoast SEO plugin. -->","yoast_head_json":{"title":"\u0427\u0435\u0442\u0432\u0435\u0440\u0433 - Telemar","robots":{"index":"index","follow":"follow","max-snippet":"max-snippet:-1","max-image-preview":"max-image-preview:large","max-video-preview":"max-video-preview:-1"},"canonical":"https:\/\/telemar.md\/product\/joi\/","og_locale":"ru_RU","og_type":"article","og_title":"\u0427\u0435\u0442\u0432\u0435\u0440\u0433 - Telemar","og_description":"[:ru]\u041a\u043e\u043c\u043f\u043b\u0435\u043a\u0441\u043d\u043e\u0435 \u043c\u0435\u043d\u044e \u2116 4  &nbsp;  \u041a\u0440\u0430\u0441\u043d\u044b\u0439 \u0431\u043e\u0440\u0449\u00a0 1\/350  \u041c\u0430\u043c\u0430\u043b\u044b\u0433\u0430\u00a0 1\/150\/15  \u0425\u0435\u043a \u043e\u0431\u0436\u0430\u0440\u0435\u043d\u043d\u044b\u0439 \u0432 \u043a\u0443\u043a\u0443\u0440\u0443\u0437\u043d\u043e\u0439 \u043c\u0443\u043a\u0435\u00a0 1\/100  \u0421\u0430\u043b\u0430\u0442 \u0438\u0437 \u0441\u0432\u0435\u0436\u0438\u0445 \u043e\u0432\u043e\u0449\u0435\u0439\u00a0 1\/100  \u0411\u0435\u043b\u044b\u0439 \u0445\u043b\u0435\u0431\u00a0 \u00a01\/100[:ro]Meniu complex  Bor\u0219 cu varz\u0103   Cartofi \u00een\u0103bu\u0219i\u021bi cu \u0219old  Salat\u0103 de varz\u0103 proasp\u0103t\u0103  P\u00e2ine alb\u0103[:]","og_url":"https:\/\/telemar.md\/product\/joi\/","og_site_name":"Telemar","article_modified_time":"2025-12-23T08:00:41+00:00","og_image":[{"width":2560,"height":1707,"url":"https:\/\/telemar.md\/wp-content\/uploads\/2020\/08\/foto-73-1-scaled.jpg","type":"image\/jpeg"}],"twitter_card":"summary_large_image","schema":{"@context":"https:\/\/schema.org","@graph":[{"@type":"WebPage","@id":"https:\/\/telemar.md\/product\/joi\/","url":"https:\/\/telemar.md\/product\/joi\/","name":"\u0427\u0435\u0442\u0432\u0435\u0440\u0433 - Telemar","isPartOf":{"@id":"https:\/\/telemar.md\/ro\/#website"},"datePublished":"2020-08-11T14:07:01+00:00","dateModified":"2025-12-23T08:00:41+00:00","breadcrumb":{"@id":"https:\/\/telemar.md\/product\/joi\/#breadcrumb"},"inLanguage":"ru-RU","potentialAction":[{"@type":"ReadAction","target":["https:\/\/telemar.md\/product\/joi\/"]}]},{"@type":"BreadcrumbList","@id":"https:\/\/telemar.md\/product\/joi\/#breadcrumb","itemListElement":[{"@type":"ListItem","position":1,"name":"Prima pagin\u0103","item":"https:\/\/telemar.md\/"},{"@type":"ListItem","position":2,"name":"\u041c\u0430\u0433\u0430\u0437\u0438\u043d","item":"https:\/\/telemar.md\/ru\/shop\/"},{"@type":"ListItem","position":3,"name":"Joi"}]},{"@type":"WebSite","@id":"https:\/\/telemar.md\/ro\/#website","url":"https:\/\/telemar.md\/ro\/","name":"Telemar","description":"Telemar","potentialAction":[{"@type":"SearchAction","target":{"@type":"EntryPoint","urlTemplate":"https:\/\/telemar.md\/ro\/?s={search_term_string}"},"query-input":"required name=search_term_string"}],"inLanguage":"ru-RU"}]}},"_links":{"self":[{"href":"https:\/\/telemar.md\/ru\/wp-json\/wp\/v2\/product\/4116","targetHints":{"allow":["GET"]}}],"collection":[{"href":"https:\/\/telemar.md\/ru\/wp-json\/wp\/v2\/product"}],"about":[{"href":"https:\/\/telemar.md\/ru\/wp-json\/wp\/v2\/types\/product"}],"replies":[{"embeddable":true,"href":"https:\/\/telemar.md\/ru\/wp-json\/wp\/v2\/comments?post=4116"}],"wp:featuredmedia":[{"embeddable":true,"href":"https:\/\/telemar.md\/ru\/wp-json\/wp\/v2\/media\/4301"}],"wp:attachment":[{"href":"https:\/\/telemar.md\/ru\/wp-json\/wp\/v2\/media?parent=4116"}],"curies":[{"name":"wp","href":"https:\/\/api.w.org\/{rel}","templated":true}]}}