{"id":4114,"date":"2020-08-11T01:00:11","date_gmt":"2020-08-11T01:00:11","guid":{"rendered":"https:\/\/telemar.md\/?post_type=product&#038;p=4114"},"modified":"2025-12-23T09:53:49","modified_gmt":"2025-12-23T07:53:49","slug":"marti","status":"publish","type":"product","link":"https:\/\/telemar.md\/ro\/product\/marti\/","title":{"rendered":"Mar\u021bi"},"content":{"rendered":"","protected":false},"excerpt":{"rendered":"<p>Meniu complex<\/p>\n<p>Rasolnic<\/p>\n<p>M\u0103m\u0103lig\u0103 cu tocan\u0103 de porc<\/p>\n<p>Mur\u0103turi<\/p>\n<p>P\u00e2ine alb\u0103<\/p>\n","protected":false},"featured_media":4306,"comment_status":"closed","ping_status":"closed","template":"","meta":[],"class_list":["post-4114","product","type-product","status-publish","has-post-thumbnail","hentry","product_cat-bussines-lunch"],"yoast_head":"<!-- This site is optimized with the Yoast SEO plugin v20.9 - https:\/\/yoast.com\/wordpress\/plugins\/seo\/ -->\n<title>Mar\u021bi - Telemar<\/title>\n<meta name=\"robots\" content=\"index, follow, max-snippet:-1, max-image-preview:large, max-video-preview:-1\" \/>\n<link rel=\"canonical\" href=\"https:\/\/telemar.md\/product\/marti\/\" \/>\n<meta property=\"og:locale\" content=\"ro_RO\" \/>\n<meta property=\"og:type\" content=\"article\" \/>\n<meta property=\"og:title\" content=\"Mar\u021bi - Telemar\" \/>\n<meta property=\"og:description\" content=\"[:ru]\u041a\u043e\u043c\u043f\u043b\u0435\u043a\u0441\u043d\u043e\u0435 \u043c\u0435\u043d\u044e \u2116 2  &nbsp;  \u00a0\u0420\u0438\u0441\u043e\u0432\u044b\u0439 \u0441\u0443\u043f\u00a0 1\/350  \u041a\u0430\u043f\u0443\u0441\u0442\u0430 \u0441\u0432\u0435\u0436\u0430\u044f \u0442\u0443\u0448\u0435\u043d\u0430\u044f\u00a0 \u00a01\/150  \u0422\u0435\u0444\u0442\u0435\u043b\u0438 \u0438\u0437 \u0440\u044b\u0431\u044b\u00a0 \u00a01\/100  \u0421\u0430\u043b\u0430\u0442 \u0438\u0437 \u043a\u0440\u0430\u0441\u043d\u043e\u0439 \u0441\u0432\u0435\u043a\u043b\u044b\u00a0 1\/100  \u0411\u0435\u043b\u044b\u0439 \u0445\u043b\u0435\u0431\u00a0 1\/100[:ro]Meniu complex  Rasolnic  M\u0103m\u0103lig\u0103 cu tocan\u0103 de porc  Mur\u0103turi  P\u00e2ine alb\u0103[:]\" \/>\n<meta property=\"og:url\" content=\"https:\/\/telemar.md\/product\/marti\/\" \/>\n<meta property=\"og:site_name\" content=\"Telemar\" \/>\n<meta property=\"article:modified_time\" content=\"2025-12-23T07:53:49+00:00\" \/>\n<meta property=\"og:image\" content=\"https:\/\/telemar.md\/wp-content\/uploads\/2020\/08\/foto-74-1-scaled.jpg\" \/>\n\t<meta property=\"og:image:width\" content=\"2560\" \/>\n\t<meta property=\"og:image:height\" content=\"1707\" \/>\n\t<meta property=\"og:image:type\" content=\"image\/jpeg\" \/>\n<meta name=\"twitter:card\" content=\"summary_large_image\" \/>\n<script type=\"application\/ld+json\" class=\"yoast-schema-graph\">{\"@context\":\"https:\/\/schema.org\",\"@graph\":[{\"@type\":\"WebPage\",\"@id\":\"https:\/\/telemar.md\/product\/marti\/\",\"url\":\"https:\/\/telemar.md\/product\/marti\/\",\"name\":\"Mar\u021bi - Telemar\",\"isPartOf\":{\"@id\":\"https:\/\/telemar.md\/ro\/#website\"},\"datePublished\":\"2020-08-11T01:00:11+00:00\",\"dateModified\":\"2025-12-23T07:53:49+00:00\",\"breadcrumb\":{\"@id\":\"https:\/\/telemar.md\/product\/marti\/#breadcrumb\"},\"inLanguage\":\"ro-RO\",\"potentialAction\":[{\"@type\":\"ReadAction\",\"target\":[\"https:\/\/telemar.md\/product\/marti\/\"]}]},{\"@type\":\"BreadcrumbList\",\"@id\":\"https:\/\/telemar.md\/product\/marti\/#breadcrumb\",\"itemListElement\":[{\"@type\":\"ListItem\",\"position\":1,\"name\":\"Prima pagin\u0103\",\"item\":\"https:\/\/telemar.md\/\"},{\"@type\":\"ListItem\",\"position\":2,\"name\":\"\u041c\u0430\u0433\u0430\u0437\u0438\u043d\",\"item\":\"https:\/\/telemar.md\/ru\/shop\/\"},{\"@type\":\"ListItem\",\"position\":3,\"name\":\"Mar\u021bi\"}]},{\"@type\":\"WebSite\",\"@id\":\"https:\/\/telemar.md\/ro\/#website\",\"url\":\"https:\/\/telemar.md\/ro\/\",\"name\":\"Telemar\",\"description\":\"Telemar\",\"potentialAction\":[{\"@type\":\"SearchAction\",\"target\":{\"@type\":\"EntryPoint\",\"urlTemplate\":\"https:\/\/telemar.md\/ro\/?s={search_term_string}\"},\"query-input\":\"required name=search_term_string\"}],\"inLanguage\":\"ro-RO\"}]}<\/script>\n<!-- \/ Yoast SEO plugin. -->","yoast_head_json":{"title":"Mar\u021bi - Telemar","robots":{"index":"index","follow":"follow","max-snippet":"max-snippet:-1","max-image-preview":"max-image-preview:large","max-video-preview":"max-video-preview:-1"},"canonical":"https:\/\/telemar.md\/product\/marti\/","og_locale":"ro_RO","og_type":"article","og_title":"Mar\u021bi - Telemar","og_description":"[:ru]\u041a\u043e\u043c\u043f\u043b\u0435\u043a\u0441\u043d\u043e\u0435 \u043c\u0435\u043d\u044e \u2116 2  &nbsp;  \u00a0\u0420\u0438\u0441\u043e\u0432\u044b\u0439 \u0441\u0443\u043f\u00a0 1\/350  \u041a\u0430\u043f\u0443\u0441\u0442\u0430 \u0441\u0432\u0435\u0436\u0430\u044f \u0442\u0443\u0448\u0435\u043d\u0430\u044f\u00a0 \u00a01\/150  \u0422\u0435\u0444\u0442\u0435\u043b\u0438 \u0438\u0437 \u0440\u044b\u0431\u044b\u00a0 \u00a01\/100  \u0421\u0430\u043b\u0430\u0442 \u0438\u0437 \u043a\u0440\u0430\u0441\u043d\u043e\u0439 \u0441\u0432\u0435\u043a\u043b\u044b\u00a0 1\/100  \u0411\u0435\u043b\u044b\u0439 \u0445\u043b\u0435\u0431\u00a0 1\/100[:ro]Meniu complex  Rasolnic  M\u0103m\u0103lig\u0103 cu tocan\u0103 de porc  Mur\u0103turi  P\u00e2ine alb\u0103[:]","og_url":"https:\/\/telemar.md\/product\/marti\/","og_site_name":"Telemar","article_modified_time":"2025-12-23T07:53:49+00:00","og_image":[{"width":2560,"height":1707,"url":"https:\/\/telemar.md\/wp-content\/uploads\/2020\/08\/foto-74-1-scaled.jpg","type":"image\/jpeg"}],"twitter_card":"summary_large_image","schema":{"@context":"https:\/\/schema.org","@graph":[{"@type":"WebPage","@id":"https:\/\/telemar.md\/product\/marti\/","url":"https:\/\/telemar.md\/product\/marti\/","name":"Mar\u021bi - Telemar","isPartOf":{"@id":"https:\/\/telemar.md\/ro\/#website"},"datePublished":"2020-08-11T01:00:11+00:00","dateModified":"2025-12-23T07:53:49+00:00","breadcrumb":{"@id":"https:\/\/telemar.md\/product\/marti\/#breadcrumb"},"inLanguage":"ro-RO","potentialAction":[{"@type":"ReadAction","target":["https:\/\/telemar.md\/product\/marti\/"]}]},{"@type":"BreadcrumbList","@id":"https:\/\/telemar.md\/product\/marti\/#breadcrumb","itemListElement":[{"@type":"ListItem","position":1,"name":"Prima pagin\u0103","item":"https:\/\/telemar.md\/"},{"@type":"ListItem","position":2,"name":"\u041c\u0430\u0433\u0430\u0437\u0438\u043d","item":"https:\/\/telemar.md\/ru\/shop\/"},{"@type":"ListItem","position":3,"name":"Mar\u021bi"}]},{"@type":"WebSite","@id":"https:\/\/telemar.md\/ro\/#website","url":"https:\/\/telemar.md\/ro\/","name":"Telemar","description":"Telemar","potentialAction":[{"@type":"SearchAction","target":{"@type":"EntryPoint","urlTemplate":"https:\/\/telemar.md\/ro\/?s={search_term_string}"},"query-input":"required name=search_term_string"}],"inLanguage":"ro-RO"}]}},"_links":{"self":[{"href":"https:\/\/telemar.md\/ro\/wp-json\/wp\/v2\/product\/4114","targetHints":{"allow":["GET"]}}],"collection":[{"href":"https:\/\/telemar.md\/ro\/wp-json\/wp\/v2\/product"}],"about":[{"href":"https:\/\/telemar.md\/ro\/wp-json\/wp\/v2\/types\/product"}],"replies":[{"embeddable":true,"href":"https:\/\/telemar.md\/ro\/wp-json\/wp\/v2\/comments?post=4114"}],"wp:featuredmedia":[{"embeddable":true,"href":"https:\/\/telemar.md\/ro\/wp-json\/wp\/v2\/media\/4306"}],"wp:attachment":[{"href":"https:\/\/telemar.md\/ro\/wp-json\/wp\/v2\/media?parent=4114"}],"curies":[{"name":"wp","href":"https:\/\/api.w.org\/{rel}","templated":true}]}}