{"id":4113,"date":"2020-08-11T00:30:37","date_gmt":"2020-08-11T00:30:37","guid":{"rendered":"https:\/\/telemar.md\/?post_type=product&#038;p=4113"},"modified":"2025-12-23T09:50:19","modified_gmt":"2025-12-23T07:50:19","slug":"luni","status":"publish","type":"product","link":"https:\/\/telemar.md\/ro\/product\/luni\/","title":{"rendered":"Luni"},"content":{"rendered":"","protected":false},"excerpt":{"rendered":"<p>Meniu complex<\/p>\n<p>Zeam\u0103 cu tai\u021bei de cas\u0103<\/p>\n<p>Orez cu legume<\/p>\n<p>Pui copt cu sos<\/p>\n<p>Salat\u0103 de sfecl\u0103 <\/p>\n<p>P\u00e2ine alb\u0103<\/p>\n","protected":false},"featured_media":4026,"comment_status":"closed","ping_status":"closed","template":"","meta":[],"class_list":["post-4113","product","type-product","status-publish","has-post-thumbnail","hentry","product_cat-bussines-lunch"],"yoast_head":"<!-- This site is optimized with the Yoast SEO plugin v20.9 - https:\/\/yoast.com\/wordpress\/plugins\/seo\/ -->\n<title>Luni - Telemar<\/title>\n<meta name=\"robots\" content=\"index, follow, max-snippet:-1, max-image-preview:large, max-video-preview:-1\" \/>\n<link rel=\"canonical\" href=\"https:\/\/telemar.md\/product\/luni\/\" \/>\n<meta property=\"og:locale\" content=\"ro_RO\" \/>\n<meta property=\"og:type\" content=\"article\" \/>\n<meta property=\"og:title\" content=\"Luni - Telemar\" \/>\n<meta property=\"og:description\" content=\"[:ru]\u041a\u043e\u043c\u043f\u043b\u0435\u043a\u0441\u043d\u043e\u0435 \u043c\u0435\u043d\u044e \u21161  &nbsp;  \u0411\u043e\u0440\u0449 \u043a\u0430\u043f\u0443\u0441\u0442\u043d\u043e-\u043a\u0430\u0440\u0442\u043e\u0444\u0435\u043b\u044c\u043d\u044b\u0439\u00a0 \u00a01\/350  \u041f\u0430\u0441\u0442\u0430\u00a0 \u00a01\/150  \u0417\u0430\u043f\u0435\u0447\u0435\u043d\u043d\u044b\u0435 \u043a\u0440\u044b\u043b\u044b\u0448\u043a\u0438\u00a0 \u00a01\/120  \u0421\u0430\u043b\u0430\u0442 &quot;\u0412\u0438\u043d\u0438\u0433\u0440\u0435\u0442&quot;\u00a0 \u00a01\/100  \u0411\u0435\u043b\u044b\u0439 \u0445\u043b\u0435\u0431\u00a0 \u00a0 1\/100[:ro]Meniu complex  Zeam\u0103 cu tai\u021bei de cas\u0103  Orez cu legume  Pui copt cu sos  Salat\u0103 de sfecl\u0103   P\u00e2ine alb\u0103[:]\" \/>\n<meta property=\"og:url\" content=\"https:\/\/telemar.md\/product\/luni\/\" \/>\n<meta property=\"og:site_name\" content=\"Telemar\" \/>\n<meta property=\"article:modified_time\" content=\"2025-12-23T07:50:19+00:00\" \/>\n<meta property=\"og:image\" content=\"https:\/\/telemar.md\/wp-content\/uploads\/2020\/08\/foto-71-scaled.jpg\" \/>\n\t<meta property=\"og:image:width\" content=\"2560\" \/>\n\t<meta property=\"og:image:height\" content=\"1707\" \/>\n\t<meta property=\"og:image:type\" content=\"image\/jpeg\" \/>\n<meta name=\"twitter:card\" content=\"summary_large_image\" \/>\n<script type=\"application\/ld+json\" class=\"yoast-schema-graph\">{\"@context\":\"https:\/\/schema.org\",\"@graph\":[{\"@type\":\"WebPage\",\"@id\":\"https:\/\/telemar.md\/product\/luni\/\",\"url\":\"https:\/\/telemar.md\/product\/luni\/\",\"name\":\"Luni - Telemar\",\"isPartOf\":{\"@id\":\"https:\/\/telemar.md\/ro\/#website\"},\"datePublished\":\"2020-08-11T00:30:37+00:00\",\"dateModified\":\"2025-12-23T07:50:19+00:00\",\"breadcrumb\":{\"@id\":\"https:\/\/telemar.md\/product\/luni\/#breadcrumb\"},\"inLanguage\":\"ro-RO\",\"potentialAction\":[{\"@type\":\"ReadAction\",\"target\":[\"https:\/\/telemar.md\/product\/luni\/\"]}]},{\"@type\":\"BreadcrumbList\",\"@id\":\"https:\/\/telemar.md\/product\/luni\/#breadcrumb\",\"itemListElement\":[{\"@type\":\"ListItem\",\"position\":1,\"name\":\"Prima pagin\u0103\",\"item\":\"https:\/\/telemar.md\/\"},{\"@type\":\"ListItem\",\"position\":2,\"name\":\"\u041c\u0430\u0433\u0430\u0437\u0438\u043d\",\"item\":\"https:\/\/telemar.md\/ru\/shop\/\"},{\"@type\":\"ListItem\",\"position\":3,\"name\":\"Luni\"}]},{\"@type\":\"WebSite\",\"@id\":\"https:\/\/telemar.md\/ro\/#website\",\"url\":\"https:\/\/telemar.md\/ro\/\",\"name\":\"Telemar\",\"description\":\"Telemar\",\"potentialAction\":[{\"@type\":\"SearchAction\",\"target\":{\"@type\":\"EntryPoint\",\"urlTemplate\":\"https:\/\/telemar.md\/ro\/?s={search_term_string}\"},\"query-input\":\"required name=search_term_string\"}],\"inLanguage\":\"ro-RO\"}]}<\/script>\n<!-- \/ Yoast SEO plugin. -->","yoast_head_json":{"title":"Luni - Telemar","robots":{"index":"index","follow":"follow","max-snippet":"max-snippet:-1","max-image-preview":"max-image-preview:large","max-video-preview":"max-video-preview:-1"},"canonical":"https:\/\/telemar.md\/product\/luni\/","og_locale":"ro_RO","og_type":"article","og_title":"Luni - Telemar","og_description":"[:ru]\u041a\u043e\u043c\u043f\u043b\u0435\u043a\u0441\u043d\u043e\u0435 \u043c\u0435\u043d\u044e \u21161  &nbsp;  \u0411\u043e\u0440\u0449 \u043a\u0430\u043f\u0443\u0441\u0442\u043d\u043e-\u043a\u0430\u0440\u0442\u043e\u0444\u0435\u043b\u044c\u043d\u044b\u0439\u00a0 \u00a01\/350  \u041f\u0430\u0441\u0442\u0430\u00a0 \u00a01\/150  \u0417\u0430\u043f\u0435\u0447\u0435\u043d\u043d\u044b\u0435 \u043a\u0440\u044b\u043b\u044b\u0448\u043a\u0438\u00a0 \u00a01\/120  \u0421\u0430\u043b\u0430\u0442 \"\u0412\u0438\u043d\u0438\u0433\u0440\u0435\u0442\"\u00a0 \u00a01\/100  \u0411\u0435\u043b\u044b\u0439 \u0445\u043b\u0435\u0431\u00a0 \u00a0 1\/100[:ro]Meniu complex  Zeam\u0103 cu tai\u021bei de cas\u0103  Orez cu legume  Pui copt cu sos  Salat\u0103 de sfecl\u0103   P\u00e2ine alb\u0103[:]","og_url":"https:\/\/telemar.md\/product\/luni\/","og_site_name":"Telemar","article_modified_time":"2025-12-23T07:50:19+00:00","og_image":[{"width":2560,"height":1707,"url":"https:\/\/telemar.md\/wp-content\/uploads\/2020\/08\/foto-71-scaled.jpg","type":"image\/jpeg"}],"twitter_card":"summary_large_image","schema":{"@context":"https:\/\/schema.org","@graph":[{"@type":"WebPage","@id":"https:\/\/telemar.md\/product\/luni\/","url":"https:\/\/telemar.md\/product\/luni\/","name":"Luni - Telemar","isPartOf":{"@id":"https:\/\/telemar.md\/ro\/#website"},"datePublished":"2020-08-11T00:30:37+00:00","dateModified":"2025-12-23T07:50:19+00:00","breadcrumb":{"@id":"https:\/\/telemar.md\/product\/luni\/#breadcrumb"},"inLanguage":"ro-RO","potentialAction":[{"@type":"ReadAction","target":["https:\/\/telemar.md\/product\/luni\/"]}]},{"@type":"BreadcrumbList","@id":"https:\/\/telemar.md\/product\/luni\/#breadcrumb","itemListElement":[{"@type":"ListItem","position":1,"name":"Prima pagin\u0103","item":"https:\/\/telemar.md\/"},{"@type":"ListItem","position":2,"name":"\u041c\u0430\u0433\u0430\u0437\u0438\u043d","item":"https:\/\/telemar.md\/ru\/shop\/"},{"@type":"ListItem","position":3,"name":"Luni"}]},{"@type":"WebSite","@id":"https:\/\/telemar.md\/ro\/#website","url":"https:\/\/telemar.md\/ro\/","name":"Telemar","description":"Telemar","potentialAction":[{"@type":"SearchAction","target":{"@type":"EntryPoint","urlTemplate":"https:\/\/telemar.md\/ro\/?s={search_term_string}"},"query-input":"required name=search_term_string"}],"inLanguage":"ro-RO"}]}},"_links":{"self":[{"href":"https:\/\/telemar.md\/ro\/wp-json\/wp\/v2\/product\/4113","targetHints":{"allow":["GET"]}}],"collection":[{"href":"https:\/\/telemar.md\/ro\/wp-json\/wp\/v2\/product"}],"about":[{"href":"https:\/\/telemar.md\/ro\/wp-json\/wp\/v2\/types\/product"}],"replies":[{"embeddable":true,"href":"https:\/\/telemar.md\/ro\/wp-json\/wp\/v2\/comments?post=4113"}],"wp:featuredmedia":[{"embeddable":true,"href":"https:\/\/telemar.md\/ro\/wp-json\/wp\/v2\/media\/4026"}],"wp:attachment":[{"href":"https:\/\/telemar.md\/ro\/wp-json\/wp\/v2\/media?parent=4113"}],"curies":[{"name":"wp","href":"https:\/\/api.w.org\/{rel}","templated":true}]}}