{"id":850,"date":"2017-07-13T07:19:33","date_gmt":"2017-07-13T07:19:33","guid":{"rendered":"http:\/\/dummy.xtemos.com\/woodmart\/demos\/?page_id=850"},"modified":"2020-08-10T12:21:39","modified_gmt":"2020-08-10T12:21:39","slug":"about","status":"publish","type":"page","link":"https:\/\/telemar.md\/ro\/about\/","title":{"rendered":"Despre Noi"},"content":{"rendered":"<section class=\"wpb-content-wrapper\"><p>[vc_row full_width=&#8221;stretch_row_content_no_spaces&#8221; equal_height=&#8221;yes&#8221; css=&#8221;.vc_custom_1499679693574{margin-top: -40px !important;margin-bottom: 10vh !important;border-top-width: 1px !important;border-top-color: #efefef !important;border-top-style: solid !important;}&#8221;][vc_column css=&#8221;.vc_custom_1497520246521{padding-top: 0px !important;}&#8221; offset=&#8221;vc_col-lg-6 vc_col-md-12 vc_col-xs-12&#8243;]\t\t\t<div id=\"gallery_674\" class=\"woodmart-images-gallery view-grid photoswipe-images\" >\n\t\t\t\t<div class=\"gallery-images row woodmart-spacing-2\">\n\t\t\t\t\t\t\t\t\t\t\t\t\t\t\t\t\t\t<div class=\"woodmart-gallery-item col-12\">\n\t\t\t\t\t\t\t\t\t\t\t\t\t\t\t\t\t<a href=\"https:\/\/telemar.md\/wp-content\/uploads\/2017\/06\/MG_2549-scaled-e1594570025784.jpg\" data-index=\"1\" data-width=\"2150\" data-height=\"1612\"  >\n\t\t\t\t\t\t\t\t\t\t\t\t\t\t\t\t\n\t\t\t\t\t\t\t\t\t\t\t\t\t\t\t\t\t<img loading=\"lazy\" decoding=\"async\" class=\"woodmart-gallery-image image-1 \" src=\"https:\/\/telemar.md\/wp-content\/uploads\/2017\/06\/MG_2549-scaled-e1594570025784-1200x1000.jpg\" width=\"1200\" height=\"1000\" alt=\"_MG_2549\" title=\"_MG_2549\" \/>\t\t\t\t\t\t\t\t\t\t\t\t\t\t\t\t\n\t\t\t\t\t\t\t\t\t\t\t\t\t\t\t\t\t<\/a>\n\t\t\t\t\t\t\t\t\t\t\t\t\t\t\t<\/div>\n\t\t\t\t\t\t\t\t\t\t\t\t\t<div class=\"woodmart-gallery-item col-12\">\n\t\t\t\t\t\t\t\t\t\t\t\t\t\t\t\t\t<a href=\"https:\/\/telemar.md\/wp-content\/uploads\/2017\/06\/123456.jpg\" data-index=\"2\" data-width=\"1600\" data-height=\"1066\"  >\n\t\t\t\t\t\t\t\t\t\t\t\t\t\t\t\t\n\t\t\t\t\t\t\t\t\t\t\t\t\t\t\t\t\t<img loading=\"lazy\" decoding=\"async\" class=\"woodmart-gallery-image image-2 \" src=\"https:\/\/telemar.md\/wp-content\/uploads\/2017\/06\/123456-1200x1000.jpg\" width=\"1200\" height=\"1000\" alt=\"123456\" title=\"123456\" \/>\t\t\t\t\t\t\t\t\t\t\t\t\t\t\t\t\n\t\t\t\t\t\t\t\t\t\t\t\t\t\t\t\t\t<\/a>\n\t\t\t\t\t\t\t\t\t\t\t\t\t\t\t<\/div>\n\t\t\t\t\t\t\t\t\t\t\t\t\t\t\t<\/div>\n\t\t\t<\/div>\n\t\t\t\t\t[\/vc_column][vc_column woodmart_sticky_column=&#8221;true&#8221; css=&#8221;.vc_custom_1499677904738{padding-top: 8vh !important;padding-right: 5% !important;padding-left: 7% !important;}&#8221; offset=&#8221;vc_col-lg-5 vc_col-md-8 vc_col-xs-12&#8243;][vc_custom_heading text=&#8221;Interesul t\u0103u ne face mai buni&#8221; font_container=&#8221;tag:p|font_size:18|text_align:left|color:%23a3a3a3&#8243; use_theme_fonts=&#8221;yes&#8221; css=&#8221;.vc_custom_1595430555867{margin-bottom: 10px !important;}&#8221;]\n\t\t<div id=\"wd-5f1856a169d92\" class=\"title-wrapper  woodmart-title-color-default woodmart-title-style-default woodmart-title-width-100 text-left woodmart-title-size-extra-large vc_custom_1595430570513\">\n\t\t\t\n\t\t\t<div class=\"liner-continer\">\n\t\t\t\t<span class=\"left-line\"><\/span>\n\t\t\t\t<h4 class=\"woodmart-title-container title  woodmart-font-weight-\" >Despre Noi<\/h4>\t\t\t\t\t\t\t\t<span class=\"right-line\"><\/span>\n\t\t\t<\/div>\n\t\t\t\n\t\t\t\n\t\t\t\t\t<\/div>\n\t\t\n\t\t[vc_column_text 0=&#8221;&#8221; css=&#8221;.vc_custom_1595430522721{margin-bottom: 25px !important;padding-right: 5% !important;}&#8221; el_class=&#8221;text-larger&#8221; text_larger=&#8221;no&#8221;]SRL \u00abTelemar\u00bb este unul dintre cei mai mari produc\u0103tori \u015fi distribuitori de produse din pe\u015fte pe teritoriul Republicii Moldova.Compania noastr\u0103 are peste 20 de ani de experien\u021b\u0103 \u00een acest domeniu. Producem \u0219i oferim clien\u021bilor no\u0219tri o gam\u0103 larg\u0103 de pe\u0219te, conserve \u0219i semifabricate.\u00a0 \u00cen magazinele noastre ave\u021bi ocazia s\u0103 achizi\u021biona\u021bi produse de pe\u0219te proaspete, s\u0103rate, afumate \u0219i uscate.\u00a0 Extinderea constant\u0103 a sortimentului permite clien\u021bilor no\u0219tri s\u0103 aleag\u0103 cel mai potrivit produs.<\/p>\n<p>\u00cen procesul de produc\u021bie, nu folosim conservan\u021bi \u0219i culori artificiale, ceea ce ne permite s\u0103 cre\u0103m produse naturale de \u00eenalt\u0103 calitate.[\/vc_column_text][vc_column_text css=&#8221;.vc_custom_1595430628574{margin-bottom: 20px !important;padding-top: 0px !important;padding-bottom: 0px !important;}&#8221; el_class=&#8221;bg-left&#8221; text_larger=&#8221;no&#8221;]<em>Marian Teleuc\u0103 &#8211; director general<\/em>[\/vc_column_text][\/vc_column][\/vc_row][vc_row full_width=&#8221;stretch_row_content_no_spaces&#8221; equal_height=&#8221;yes&#8221; css=&#8221;.vc_custom_1499681239398{margin-bottom: 10vh !important;padding-right: 5% !important;}&#8221;][vc_column woodmart_sticky_column=&#8221;true&#8221; css=&#8221;.vc_custom_1499679948409{padding-top: 6vh !important;padding-right: 5% !important;padding-left: 7% !important;}&#8221; offset=&#8221;vc_col-lg-offset-1 vc_col-lg-5 vc_col-md-offset-1 vc_col-md-8 vc_col-xs-12&#8243;][vc_custom_heading text=&#8221;Timpul f\u0103ure\u0219te legende&#8221; font_container=&#8221;tag:p|font_size:18|text_align:left|color:%23a3a3a3&#8243; use_theme_fonts=&#8221;yes&#8221; css=&#8221;.vc_custom_1595430706180{margin-bottom: 10px !important;}&#8221;]\n\t\t<div id=\"wd-5f18573f4911f\" class=\"title-wrapper  woodmart-title-color-default woodmart-title-style-default woodmart-title-width-100 text-left woodmart-title-size-extra-large vc_custom_1595430726951\">\n\t\t\t\n\t\t\t<div class=\"liner-continer\">\n\t\t\t\t<span class=\"left-line\"><\/span>\n\t\t\t\t<h4 class=\"woodmart-title-container title  woodmart-font-weight-\" >Istoria noastr\u0103<\/h4>\t\t\t\t\t\t\t\t<span class=\"right-line\"><\/span>\n\t\t\t<\/div>\n\t\t\t\n\t\t\t\n\t\t\t\t\t<\/div>\n\t\t\n\t\t[vc_column_text 0=&#8221;&#8221; css=&#8221;.vc_custom_1595430752215{margin-bottom: 25px !important;padding-right: 5% !important;}&#8221; el_class=&#8221;text-larger&#8221; text_larger=&#8221;no&#8221;]\u00centreprinderea individual\u0103 \u00abTelemar\u00bb a fost fondat\u0103 \u00een 1999.\u00a0 Dup\u0103 ce a lucrat timp de trei ani, compania prime\u0219te statutul de societate cu r\u0103spundere limitat\u0103.\u00a0 Prin participarea la diverse expozi\u021bii, compania prime\u0219te numeroase premii.\u00a0 Astfel, \u00een 2008, companiile au primit premiul \u00abMarca comercial\u0103 a anului 2008\u00bb la categoria \u201cProduse alimentare\u201d.\u00a0 \u00cen acela\u0219i an, \u00abTelemar\u00bb a primit un certificat interna\u021bional de calitate.[\/vc_column_text][\/vc_column][vc_column offset=&#8221;vc_col-lg-6 vc_col-md-12 vc_col-xs-12&#8243; css=&#8221;.vc_custom_1499679370599{padding-top: 0px !important;}&#8221;][vc_video link=&#8221;https:\/\/www.youtube.com\/watch?v=zKHJIldl9-M&#8221; image_poster_switch=&#8221;no&#8221;][\/vc_column][\/vc_row][vc_row full_width=&#8221;stretch_row_content_no_spaces&#8221; equal_height=&#8221;yes&#8221;][vc_column offset=&#8221;vc_col-lg-6 vc_col-xs-12&#8243;]\t\t\t<div id=\"gallery_523\" class=\"woodmart-images-gallery view-grid photoswipe-images\" >\n\t\t\t\t<div class=\"gallery-images row woodmart-spacing-2\">\n\t\t\t\t\t\t\t\t\t\t\t\t\t\t\t\t\t\t<div class=\"woodmart-gallery-item col-12\">\n\t\t\t\t\t\t\t\t\t\t\t\t\t\t\t\t\t<a href=\"https:\/\/telemar.md\/wp-content\/uploads\/2017\/06\/MG_2420-scaled.jpg\" data-index=\"1\" data-width=\"2560\" data-height=\"1707\"  >\n\t\t\t\t\t\t\t\t\t\t\t\t\t\t\t\t\n\t\t\t\t\t\t\t\t\t\t\t\t\t\t\t\t\t<img loading=\"lazy\" decoding=\"async\" class=\"woodmart-gallery-image image-1 \" src=\"https:\/\/telemar.md\/wp-content\/uploads\/2017\/06\/MG_2420-scaled-1200x1000.jpg\" width=\"1200\" height=\"1000\" alt=\"_MG_2420\" title=\"_MG_2420\" \/>\t\t\t\t\t\t\t\t\t\t\t\t\t\t\t\t\n\t\t\t\t\t\t\t\t\t\t\t\t\t\t\t\t\t<\/a>\n\t\t\t\t\t\t\t\t\t\t\t\t\t\t\t<\/div>\n\t\t\t\t\t\t\t\t\t\t\t\t\t\t\t<\/div>\n\t\t\t<\/div>\n\t\t\t\t\t[\/vc_column][vc_column woodmart_sticky_column=&#8221;true&#8221; css=&#8221;.vc_custom_1499680167008{padding-top: 8vh !important;padding-right: 5% !important;padding-left: 7% !important;}&#8221; offset=&#8221;vc_col-lg-5 vc_col-md-8 vc_col-xs-12&#8243;][vc_custom_heading text=&#8221;Tradi\u021bia gustului rafinat&#8221; font_container=&#8221;tag:p|font_size:18|text_align:left|color:%23a3a3a3&#8243; use_theme_fonts=&#8221;yes&#8221; css=&#8221;.vc_custom_1595430880697{margin-bottom: 10px !important;}&#8221;]\n\t\t<div id=\"wd-5f1857e243001\" class=\"title-wrapper  woodmart-title-color-default woodmart-title-style-default woodmart-title-width-100 text-left woodmart-title-size-extra-large vc_custom_1595430986614\">\n\t\t\t\n\t\t\t<div class=\"liner-continer\">\n\t\t\t\t<span class=\"left-line\"><\/span>\n\t\t\t\t<h4 class=\"woodmart-title-container title  woodmart-font-weight-\" >Dece clien\u021bii ne aleg?<\/h4>\t\t\t\t\t\t\t\t<span class=\"right-line\"><\/span>\n\t\t\t<\/div>\n\t\t\t\n\t\t\t\n\t\t\t\t\t<\/div>\n\t\t\n\t\t[vc_column_text 0=&#8221;&#8221; css=&#8221;.vc_custom_1595430853380{margin-bottom: 20px !important;padding-right: 5% !important;}&#8221; el_class=&#8221;text-larger&#8221; text_larger=&#8221;no&#8221;]<\/p>\n<ul>\n<li>Pre\u021buri favorabile<\/li>\n<li>Asigurarea calit\u0103\u021bii<\/li>\n<li>Sortiment bogat<\/li>\n<li>Materii prime de \u00eenalt\u0103 calitate<\/li>\n<\/ul>\n<p>Aderarea strict\u0103 la procesele tehnologice, cerin\u021bele \u0219i standardele sanitare contribuie la dezvoltarea \u00eentreprinderii.\u00a0 Tehnologiile potrivite ne permit s\u0103 producem doar produse de \u00eenalt\u0103 calitate, precum \u0219i s\u0103 fim unul dintre cei mai mari distribuitori de produse din pe\u0219te.[\/vc_column_text][\/vc_column][\/vc_row]<\/p>\n<\/section>","protected":false},"excerpt":{"rendered":"<p>[vc_row full_width=&#8221;stretch_row_content_no_spaces&#8221; equal_height=&#8221;yes&#8221; css=&#8221;.vc_custom_1499679693574{margin-top: -40px !important;margin-bottom: 10vh !important;border-top-width: 1px !important;border-top-color: #efefef !important;border-top-style: solid !important;}&#8221;][vc_column css=&#8221;.vc_custom_1497520246521{padding-top: 0px !important;}&#8221; offset=&#8221;vc_col-lg-6 vc_col-md-12 vc_col-xs-12&#8243;][\/vc_column][vc_column<\/p>\n","protected":false},"author":1,"featured_media":0,"parent":0,"menu_order":0,"comment_status":"closed","ping_status":"closed","template":"","meta":{"footnotes":""},"class_list":["post-850","page","type-page","status-publish","hentry"],"yoast_head":"<!-- This site is optimized with the Yoast SEO plugin v20.9 - https:\/\/yoast.com\/wordpress\/plugins\/seo\/ -->\n<title>Despre Noi - Telemar<\/title>\n<meta name=\"robots\" content=\"index, follow, max-snippet:-1, max-image-preview:large, max-video-preview:-1\" \/>\n<link rel=\"canonical\" href=\"https:\/\/telemar.md\/ru\/about\/\" \/>\n<meta property=\"og:locale\" content=\"ro_RO\" \/>\n<meta property=\"og:type\" content=\"article\" \/>\n<meta property=\"og:title\" content=\"Despre Noi - Telemar\" \/>\n<meta property=\"og:description\" content=\"[vc_row full_width=&#8221;stretch_row_content_no_spaces&#8221; equal_height=&#8221;yes&#8221; css=&#8221;.vc_custom_1499679693574{margin-top: -40px !important;margin-bottom: 10vh !important;border-top-width: 1px !important;border-top-color: #efefef !important;border-top-style: solid !important;}&#8221;][vc_column css=&#8221;.vc_custom_1497520246521{padding-top: 0px !important;}&#8221; offset=&#8221;vc_col-lg-6 vc_col-md-12 vc_col-xs-12&#8243;][\/vc_column][vc_column\" \/>\n<meta property=\"og:url\" content=\"https:\/\/telemar.md\/ru\/about\/\" \/>\n<meta property=\"og:site_name\" content=\"Telemar\" \/>\n<meta property=\"article:modified_time\" content=\"2020-08-10T12:21:39+00:00\" \/>\n<meta name=\"twitter:card\" content=\"summary_large_image\" \/>\n<meta name=\"twitter:label1\" content=\"Timp estimat pentru citire\" \/>\n\t<meta name=\"twitter:data1\" content=\"4 minute\" \/>\n<script type=\"application\/ld+json\" class=\"yoast-schema-graph\">{\"@context\":\"https:\/\/schema.org\",\"@graph\":[{\"@type\":\"WebPage\",\"@id\":\"https:\/\/telemar.md\/ru\/about\/\",\"url\":\"https:\/\/telemar.md\/ru\/about\/\",\"name\":\"Despre Noi - Telemar\",\"isPartOf\":{\"@id\":\"https:\/\/telemar.md\/ro\/#website\"},\"datePublished\":\"2017-07-13T07:19:33+00:00\",\"dateModified\":\"2020-08-10T12:21:39+00:00\",\"breadcrumb\":{\"@id\":\"https:\/\/telemar.md\/ru\/about\/#breadcrumb\"},\"inLanguage\":\"ro-RO\",\"potentialAction\":[{\"@type\":\"ReadAction\",\"target\":[\"https:\/\/telemar.md\/ru\/about\/\"]}]},{\"@type\":\"BreadcrumbList\",\"@id\":\"https:\/\/telemar.md\/ru\/about\/#breadcrumb\",\"itemListElement\":[{\"@type\":\"ListItem\",\"position\":1,\"name\":\"Prima pagin\u0103\",\"item\":\"https:\/\/telemar.md\/\"},{\"@type\":\"ListItem\",\"position\":2,\"name\":\"\u041e \u041d\u0430\u0441\"}]},{\"@type\":\"WebSite\",\"@id\":\"https:\/\/telemar.md\/ro\/#website\",\"url\":\"https:\/\/telemar.md\/ro\/\",\"name\":\"Telemar\",\"description\":\"Telemar\",\"potentialAction\":[{\"@type\":\"SearchAction\",\"target\":{\"@type\":\"EntryPoint\",\"urlTemplate\":\"https:\/\/telemar.md\/ro\/?s={search_term_string}\"},\"query-input\":\"required name=search_term_string\"}],\"inLanguage\":\"ro-RO\"}]}<\/script>\n<!-- \/ Yoast SEO plugin. -->","yoast_head_json":{"title":"Despre Noi - Telemar","robots":{"index":"index","follow":"follow","max-snippet":"max-snippet:-1","max-image-preview":"max-image-preview:large","max-video-preview":"max-video-preview:-1"},"canonical":"https:\/\/telemar.md\/ru\/about\/","og_locale":"ro_RO","og_type":"article","og_title":"Despre Noi - Telemar","og_description":"[vc_row full_width=&#8221;stretch_row_content_no_spaces&#8221; equal_height=&#8221;yes&#8221; css=&#8221;.vc_custom_1499679693574{margin-top: -40px !important;margin-bottom: 10vh !important;border-top-width: 1px !important;border-top-color: #efefef !important;border-top-style: solid !important;}&#8221;][vc_column css=&#8221;.vc_custom_1497520246521{padding-top: 0px !important;}&#8221; offset=&#8221;vc_col-lg-6 vc_col-md-12 vc_col-xs-12&#8243;][\/vc_column][vc_column","og_url":"https:\/\/telemar.md\/ru\/about\/","og_site_name":"Telemar","article_modified_time":"2020-08-10T12:21:39+00:00","twitter_card":"summary_large_image","twitter_misc":{"Timp estimat pentru citire":"4 minute"},"schema":{"@context":"https:\/\/schema.org","@graph":[{"@type":"WebPage","@id":"https:\/\/telemar.md\/ru\/about\/","url":"https:\/\/telemar.md\/ru\/about\/","name":"Despre Noi - Telemar","isPartOf":{"@id":"https:\/\/telemar.md\/ro\/#website"},"datePublished":"2017-07-13T07:19:33+00:00","dateModified":"2020-08-10T12:21:39+00:00","breadcrumb":{"@id":"https:\/\/telemar.md\/ru\/about\/#breadcrumb"},"inLanguage":"ro-RO","potentialAction":[{"@type":"ReadAction","target":["https:\/\/telemar.md\/ru\/about\/"]}]},{"@type":"BreadcrumbList","@id":"https:\/\/telemar.md\/ru\/about\/#breadcrumb","itemListElement":[{"@type":"ListItem","position":1,"name":"Prima pagin\u0103","item":"https:\/\/telemar.md\/"},{"@type":"ListItem","position":2,"name":"\u041e \u041d\u0430\u0441"}]},{"@type":"WebSite","@id":"https:\/\/telemar.md\/ro\/#website","url":"https:\/\/telemar.md\/ro\/","name":"Telemar","description":"Telemar","potentialAction":[{"@type":"SearchAction","target":{"@type":"EntryPoint","urlTemplate":"https:\/\/telemar.md\/ro\/?s={search_term_string}"},"query-input":"required name=search_term_string"}],"inLanguage":"ro-RO"}]}},"_links":{"self":[{"href":"https:\/\/telemar.md\/ro\/wp-json\/wp\/v2\/pages\/850","targetHints":{"allow":["GET"]}}],"collection":[{"href":"https:\/\/telemar.md\/ro\/wp-json\/wp\/v2\/pages"}],"about":[{"href":"https:\/\/telemar.md\/ro\/wp-json\/wp\/v2\/types\/page"}],"author":[{"embeddable":true,"href":"https:\/\/telemar.md\/ro\/wp-json\/wp\/v2\/users\/1"}],"replies":[{"embeddable":true,"href":"https:\/\/telemar.md\/ro\/wp-json\/wp\/v2\/comments?post=850"}],"version-history":[{"count":13,"href":"https:\/\/telemar.md\/ro\/wp-json\/wp\/v2\/pages\/850\/revisions"}],"predecessor-version":[{"id":3917,"href":"https:\/\/telemar.md\/ro\/wp-json\/wp\/v2\/pages\/850\/revisions\/3917"}],"wp:attachment":[{"href":"https:\/\/telemar.md\/ro\/wp-json\/wp\/v2\/media?parent=850"}],"curies":[{"name":"wp","href":"https:\/\/api.w.org\/{rel}","templated":true}]}}