{"id":3650,"date":"2020-08-05T08:35:36","date_gmt":"2020-08-05T08:35:36","guid":{"rendered":"https:\/\/telemar.md\/?page_id=3650"},"modified":"2020-08-12T06:22:51","modified_gmt":"2020-08-12T06:22:51","slug":"russkiy-policy-for-transmission-of-payment-card-details","status":"publish","type":"page","link":"https:\/\/telemar.md\/ro\/russkiy-policy-for-transmission-of-payment-card-details\/","title":{"rendered":"Securitatea \u0219i politic\u0103 pentru transmiterea datelor cardului de credit"},"content":{"rendered":"<p>SECURITATEA \u0218I POLITIC\u0102 PENTRU TRANSMITEREA DATELOR CARDULUI DE CREDIT<br \/>\nCE INFORMA\u021aII COLECT\u0102M \u0218I CUM FOLOSIM?<br \/>\nAtunci c\u00e2nd efectua\u021bi o comand\u0103 prin intermediul acestui site web, trebuie s\u0103 cunoa\u0219tem numele dvs., e-mailul, num\u0103rul de telefon, adresa \u0219i detaliile cardului de credit dac\u0103 pl\u0103ti\u021bi cu cardul de credit. Acest lucru ne permite s\u0103 proces\u0103m \u0219i s\u0103 \u00eendeplinim comanda cu succes. Ne ajut\u0103, de asemenea, s\u0103 v\u0103 men\u021binem contul.<\/p>\n<p>CUM protejeaz\u0103 informa\u021biile pentru clien\u021bi TELEMAR.MD?<br \/>\nAtunci c\u00e2nd efectua\u021bi comenzi, folosim un server securizat. Software-ul serverului securizat (SSL) cripteaz\u0103 toate informa\u021biile pe care le introduce\u021bi \u00eenainte de a ne fi trimise. \u00cen plus, toate datele sensibile ale clien\u021bilor pe care le colect\u0103m sunt protejate de mai multe straturi de criptare \u0219i de mai multe straturi de securitate pentru a preveni accesul neautorizat.<\/p>\n<p>INFORMA\u021aII DE PLAT\u0102<br \/>\nOp\u021biunile noastre de plat\u0103 sunt sigure \u0219i sigure. Niciunul dintre detaliile dvs. de plat\u0103 nu este stocat, acest lucru v\u0103 asigur\u0103 c\u0103 ve\u021bi fi mul\u021bumit de securitatea tranzac\u021biei<\/p>\n","protected":false},"excerpt":{"rendered":"<p>SECURITATEA \u0218I POLITIC\u0102 PENTRU TRANSMITEREA DATELOR CARDULUI DE CREDIT CE INFORMA\u021aII COLECT\u0102M \u0218I CUM FOLOSIM? Atunci c\u00e2nd efectua\u021bi o comand\u0103<\/p>\n","protected":false},"author":5,"featured_media":0,"parent":0,"menu_order":0,"comment_status":"closed","ping_status":"closed","template":"","meta":{"footnotes":""},"class_list":["post-3650","page","type-page","status-publish","hentry"],"yoast_head":"<!-- This site is optimized with the Yoast SEO plugin v20.9 - https:\/\/yoast.com\/wordpress\/plugins\/seo\/ -->\n<title>Securitatea \u0219i politic\u0103 pentru transmiterea datelor cardului de credit - Telemar<\/title>\n<meta name=\"robots\" content=\"index, follow, max-snippet:-1, max-image-preview:large, max-video-preview:-1\" \/>\n<link rel=\"canonical\" href=\"https:\/\/telemar.md\/ro\/russkiy-policy-for-transmission-of-payment-card-details\/\" \/>\n<meta property=\"og:locale\" content=\"ro_RO\" \/>\n<meta property=\"og:type\" content=\"article\" \/>\n<meta property=\"og:title\" content=\"Securitatea \u0219i politic\u0103 pentru transmiterea datelor cardului de credit - Telemar\" \/>\n<meta property=\"og:description\" content=\"SECURITATEA \u0218I POLITIC\u0102 PENTRU TRANSMITEREA DATELOR CARDULUI DE CREDIT CE INFORMA\u021aII COLECT\u0102M \u0218I CUM FOLOSIM? Atunci c\u00e2nd efectua\u021bi o comand\u0103\" \/>\n<meta property=\"og:url\" content=\"https:\/\/telemar.md\/ro\/russkiy-policy-for-transmission-of-payment-card-details\/\" \/>\n<meta property=\"og:site_name\" content=\"Telemar\" \/>\n<meta property=\"article:modified_time\" content=\"2020-08-12T06:22:51+00:00\" \/>\n<meta name=\"twitter:card\" content=\"summary_large_image\" \/>\n<meta name=\"twitter:label1\" content=\"Timp estimat pentru citire\" \/>\n\t<meta name=\"twitter:data1\" content=\"1 minut\" \/>\n<script type=\"application\/ld+json\" class=\"yoast-schema-graph\">{\"@context\":\"https:\/\/schema.org\",\"@graph\":[{\"@type\":\"WebPage\",\"@id\":\"https:\/\/telemar.md\/ro\/russkiy-policy-for-transmission-of-payment-card-details\/\",\"url\":\"https:\/\/telemar.md\/ro\/russkiy-policy-for-transmission-of-payment-card-details\/\",\"name\":\"Securitatea \u0219i politic\u0103 pentru transmiterea datelor cardului de credit - Telemar\",\"isPartOf\":{\"@id\":\"https:\/\/telemar.md\/ro\/#website\"},\"datePublished\":\"2020-08-05T08:35:36+00:00\",\"dateModified\":\"2020-08-12T06:22:51+00:00\",\"breadcrumb\":{\"@id\":\"https:\/\/telemar.md\/ro\/russkiy-policy-for-transmission-of-payment-card-details\/#breadcrumb\"},\"inLanguage\":\"ro-RO\",\"potentialAction\":[{\"@type\":\"ReadAction\",\"target\":[\"https:\/\/telemar.md\/ro\/russkiy-policy-for-transmission-of-payment-card-details\/\"]}]},{\"@type\":\"BreadcrumbList\",\"@id\":\"https:\/\/telemar.md\/ro\/russkiy-policy-for-transmission-of-payment-card-details\/#breadcrumb\",\"itemListElement\":[{\"@type\":\"ListItem\",\"position\":1,\"name\":\"Prima pagin\u0103\",\"item\":\"https:\/\/telemar.md\/\"},{\"@type\":\"ListItem\",\"position\":2,\"name\":\"Securitatea \u0219i politic\u0103 pentru transmiterea datelor cardului de credit\"}]},{\"@type\":\"WebSite\",\"@id\":\"https:\/\/telemar.md\/ro\/#website\",\"url\":\"https:\/\/telemar.md\/ro\/\",\"name\":\"Telemar\",\"description\":\"Telemar\",\"potentialAction\":[{\"@type\":\"SearchAction\",\"target\":{\"@type\":\"EntryPoint\",\"urlTemplate\":\"https:\/\/telemar.md\/ro\/?s={search_term_string}\"},\"query-input\":\"required name=search_term_string\"}],\"inLanguage\":\"ro-RO\"}]}<\/script>\n<!-- \/ Yoast SEO plugin. -->","yoast_head_json":{"title":"Securitatea \u0219i politic\u0103 pentru transmiterea datelor cardului de credit - Telemar","robots":{"index":"index","follow":"follow","max-snippet":"max-snippet:-1","max-image-preview":"max-image-preview:large","max-video-preview":"max-video-preview:-1"},"canonical":"https:\/\/telemar.md\/ro\/russkiy-policy-for-transmission-of-payment-card-details\/","og_locale":"ro_RO","og_type":"article","og_title":"Securitatea \u0219i politic\u0103 pentru transmiterea datelor cardului de credit - Telemar","og_description":"SECURITATEA \u0218I POLITIC\u0102 PENTRU TRANSMITEREA DATELOR CARDULUI DE CREDIT CE INFORMA\u021aII COLECT\u0102M \u0218I CUM FOLOSIM? Atunci c\u00e2nd efectua\u021bi o comand\u0103","og_url":"https:\/\/telemar.md\/ro\/russkiy-policy-for-transmission-of-payment-card-details\/","og_site_name":"Telemar","article_modified_time":"2020-08-12T06:22:51+00:00","twitter_card":"summary_large_image","twitter_misc":{"Timp estimat pentru citire":"1 minut"},"schema":{"@context":"https:\/\/schema.org","@graph":[{"@type":"WebPage","@id":"https:\/\/telemar.md\/ro\/russkiy-policy-for-transmission-of-payment-card-details\/","url":"https:\/\/telemar.md\/ro\/russkiy-policy-for-transmission-of-payment-card-details\/","name":"Securitatea \u0219i politic\u0103 pentru transmiterea datelor cardului de credit - Telemar","isPartOf":{"@id":"https:\/\/telemar.md\/ro\/#website"},"datePublished":"2020-08-05T08:35:36+00:00","dateModified":"2020-08-12T06:22:51+00:00","breadcrumb":{"@id":"https:\/\/telemar.md\/ro\/russkiy-policy-for-transmission-of-payment-card-details\/#breadcrumb"},"inLanguage":"ro-RO","potentialAction":[{"@type":"ReadAction","target":["https:\/\/telemar.md\/ro\/russkiy-policy-for-transmission-of-payment-card-details\/"]}]},{"@type":"BreadcrumbList","@id":"https:\/\/telemar.md\/ro\/russkiy-policy-for-transmission-of-payment-card-details\/#breadcrumb","itemListElement":[{"@type":"ListItem","position":1,"name":"Prima pagin\u0103","item":"https:\/\/telemar.md\/"},{"@type":"ListItem","position":2,"name":"Securitatea \u0219i politic\u0103 pentru transmiterea datelor cardului de credit"}]},{"@type":"WebSite","@id":"https:\/\/telemar.md\/ro\/#website","url":"https:\/\/telemar.md\/ro\/","name":"Telemar","description":"Telemar","potentialAction":[{"@type":"SearchAction","target":{"@type":"EntryPoint","urlTemplate":"https:\/\/telemar.md\/ro\/?s={search_term_string}"},"query-input":"required name=search_term_string"}],"inLanguage":"ro-RO"}]}},"_links":{"self":[{"href":"https:\/\/telemar.md\/ro\/wp-json\/wp\/v2\/pages\/3650","targetHints":{"allow":["GET"]}}],"collection":[{"href":"https:\/\/telemar.md\/ro\/wp-json\/wp\/v2\/pages"}],"about":[{"href":"https:\/\/telemar.md\/ro\/wp-json\/wp\/v2\/types\/page"}],"author":[{"embeddable":true,"href":"https:\/\/telemar.md\/ro\/wp-json\/wp\/v2\/users\/5"}],"replies":[{"embeddable":true,"href":"https:\/\/telemar.md\/ro\/wp-json\/wp\/v2\/comments?post=3650"}],"version-history":[{"count":7,"href":"https:\/\/telemar.md\/ro\/wp-json\/wp\/v2\/pages\/3650\/revisions"}],"predecessor-version":[{"id":4123,"href":"https:\/\/telemar.md\/ro\/wp-json\/wp\/v2\/pages\/3650\/revisions\/4123"}],"wp:attachment":[{"href":"https:\/\/telemar.md\/ro\/wp-json\/wp\/v2\/media?parent=3650"}],"curies":[{"name":"wp","href":"https:\/\/api.w.org\/{rel}","templated":true}]}}