{"id":3646,"date":"2020-08-05T08:32:17","date_gmt":"2020-08-05T08:32:17","guid":{"rendered":"https:\/\/telemar.md\/?page_id=3646"},"modified":"2020-08-05T10:34:16","modified_gmt":"2020-08-05T10:34:16","slug":"russkiy-consumer-data-privacy-policy","status":"publish","type":"page","link":"https:\/\/telemar.md\/ro\/russkiy-consumer-data-privacy-policy\/","title":{"rendered":"Politica de privacitate a consumatorilor"},"content":{"rendered":"<p>Prezentul acord define\u0219te condi\u021biile de utilizare a site-ului https:\/\/telemar.md (denumit \u00een continuare \u201esite\u201d), precum \u0219i materialele \u0219i serviciile postate pe acesta. Condi\u021biile acordului de utilizator sunt obligatorii pentru orice persoan\u0103 de pe site-ul https:\/\/telemar.md. Dac\u0103 nu sunte\u021bi de acord cu termenii acordului de utilizator (integral sau par\u021bial), v\u0103 rug\u0103m s\u0103 p\u0103r\u0103si\u021bi site-ul https:\/\/telemar.md imediat. Prezen\u021ba unei persoane pe site este considerat\u0103 ca acceptarea de c\u0103tre utilizator a tuturor termenilor acordului de utilizare. Acest acord, precum \u0219i modific\u0103rile \u0219i complet\u0103rile la acesta intr\u0103 \u00een vigoare din momentul public\u0103rii pe Site.<\/p>\n<p>Utilizatori &#8211; persoane fizice (inclusiv reprezentan\u021bi ai persoanelor juridice) care au capacitatea de a se familiariza vizual cu informa\u021biile postate pe site-ul https:\/\/telemar.md.<\/p>\n<p>Administrarea site-ului &#8211; o persoan\u0103 (persoanele) care administreaz\u0103 hardware-ul \u0219i suportul tehnic \u0219i \/ sau informa\u021biile postate pe Site, precum \u0219i dreptul de a lua decizii cu caracter administrativ \u0219i administrativ \u0219i de a stabili reguli, inclusiv restric\u021bii de utilizare a Site-ului.<\/p>\n<p>Informa\u021bii &#8211; un set de informa\u021bii sub orice form\u0103, formular, pe orice suport (inclusiv, dar f\u0103r\u0103 a se limita la: video, audio, text, desen, grafic\u0103 \u00een alte forme \u0219i metode posibile) postate pe site.<\/p>\n<p>Termeni generali<br \/>\nUtilizarea materialelor \u0219i serviciilor site-ului este reglementat\u0103 de normele actuale ale legisla\u021biei Republicii Moldova.<br \/>\nPrezentul Acord este o ofert\u0103 public\u0103, revocabil\u0103. Din momentul introducerii datelor dvs. pe Site, Utilizatorul este considerat c\u0103 a acceptat condi\u021biile prezentului Acord.<br \/>\nLa completarea unui chestionar pe Site, Utilizatorul este obligat s\u0103 furnizeze informa\u021bii fiabile \u0219i actualizate.<br \/>\nUtilizatorul este responsabil pentru corectitudinea \u0219i relevan\u021ba datelor sale personale, precum \u0219i pentru corectarea acestora \u0219i orice modific\u0103ri. Utilizatorul se angajeaz\u0103 s\u0103 p\u0103streze confiden\u021bialitatea datelor sale \u0219i s\u0103 nu le transfere altora, pentru a evita fraudele \u0219i ac\u021biunile d\u0103un\u0103toare ale altora.<br \/>\nUtilizatorului \u00eei este interzis s\u0103 foloseasc\u0103 \u201edate false\u201d atunci c\u00e2nd introduce\u021bi date (adic\u0103 folosind numele altcuiva), s\u0103 induc\u0103 \u00een eroare Utilizatorii despre identitatea lor, denaturarea informa\u021biilor despre ei \u00een\u0219i\u0219i, v\u00e2rsta lor sau rela\u021biile cu alte persoane sau organiza\u021bii.<br \/>\nToate informa\u021biile de pe site sunt furnizate &#8222;a\u0219a cum este&#8221;. Administra\u021bia site-ului \u00ee\u0219i rezerv\u0103 dreptul, la propria sa discre\u021bie, de a schimba (edita) sau \u0219terge informa\u021bii, precum \u0219i mesajele personale \u0219i comentariile utilizatorilor, de a suspenda, restric\u021biona sau \u00eenceta accesul la site \u00een orice moment, din orice motiv sau f\u0103r\u0103 a da motive, cu sau f\u0103r\u0103 o notificare prealabil\u0103. un astfel de Utilizator \u00een anumite cazuri, f\u0103r\u0103 a fi responsabil pentru vreun prejudiciu care i-ar putea fi cauzat de Utilizator printr-o astfel de ac\u021biune. Utilizatorul site-ului este obligat s\u0103 respecte drepturile altor utilizatori, ter\u021bi, Administra\u021bia site-ului, de a respecta tradi\u021biile \u0219i etica consacrate pe internet \u0219i societatea \u00een general.<br \/>\nAdministra\u021bia site-ului are dreptul de a colecta \u0219i stoca datele utilizatorului. Administra\u021bia site-ului are dreptul, la cererea legal\u0103 a autorit\u0103\u021bilor de stat, de a furniza informa\u021biile disponibile despre Utilizator.<br \/>\nSite-ul poate con\u021bine reclame, diverse mesaje din partea Administra\u021biei site-ului, notific\u0103ri automate \u0219i buletine informative. Administra\u021bia site-ului nu poart\u0103 nicio responsabilitate pentru con\u021binutul mesajelor publicitare postate pe site.<br \/>\nNimic din acest acord nu poate fi \u00een\u021beles ca fiind stabilirea \u00eentre Utilizator \u0219i Administra\u021bia site-ului a rela\u021biilor de agen\u021bie, rela\u021bii pentru activit\u0103\u021bi comune (parteneriat), orice alte rela\u021bii care nu sunt prev\u0103zute \u00een mod expres \u00een prezentul acord.<br \/>\nAdministra\u021bia site-ului nu este responsabil\u0103 pentru pierderile directe sau indirecte suferite din cauza utiliz\u0103rii sau incapacit\u0103\u021bii de utilizare a informa\u021biilor despre site. Administra\u021bia site-ului nu garanteaz\u0103 c\u0103 informa\u021biile despre site vor fi furnizate \u00een mod continuu, rapid, fiabil \u0219i f\u0103r\u0103 erori; c\u0103 rezultatele care pot fi ob\u021binute de Utilizator vor fi corecte \u0219i fiabile; c\u0103 calitatea oric\u0103rui produs, serviciu, Informa\u021bii \u0219i altele ob\u021binute folosind Informa\u021biile Site-ului vor satisface a\u0219tept\u0103rile Utilizatorului. Utilizatorul este de acord c\u0103 Administra\u021bia Site-ului nu are obliga\u021bii directe sau indirecte fa\u021b\u0103 de Utilizator \u00een leg\u0103tur\u0103 cu eventualele pierderi sau daune asociate cu utilizarea sau neutilizarea con\u021binutului Site-ului.<br \/>\nRecunoa\u0219terea de c\u0103tre instan\u021b\u0103 a oric\u0103rei dispozi\u021bii, a unui acord invalid sau neaplicabil, nu atrage invaliditatea sau imposibilitatea altor prevederi ale acordului.<br \/>\nUtilizatorul este avertizat c\u0103 Administra\u021bia site-ului nu este responsabil\u0103 pentru vizitarea \u0219i utilizarea site-urilor externe, link-uri la care pot fi con\u021binute pe site.<\/p>\n<p>Obliga\u021biile utilizatorului<br \/>\nUtilizatorul este de acord s\u0103 nu \u00eentreprind\u0103 ac\u021biuni care pot fi considerate a \u00eenc\u0103lca legisla\u021bia Republicii Moldova sau normele interna\u021bionale<\/p>\n","protected":false},"excerpt":{"rendered":"<p>Prezentul acord define\u0219te condi\u021biile de utilizare a site-ului https:\/\/telemar.md (denumit \u00een continuare \u201esite\u201d), precum \u0219i materialele \u0219i serviciile postate pe<\/p>\n","protected":false},"author":5,"featured_media":0,"parent":0,"menu_order":0,"comment_status":"closed","ping_status":"closed","template":"","meta":{"footnotes":""},"class_list":["post-3646","page","type-page","status-publish","hentry"],"yoast_head":"<!-- This site is optimized with the Yoast SEO plugin v20.9 - https:\/\/yoast.com\/wordpress\/plugins\/seo\/ -->\n<title>Politica de privacitate a consumatorilor - Telemar<\/title>\n<meta name=\"robots\" content=\"index, follow, max-snippet:-1, max-image-preview:large, max-video-preview:-1\" \/>\n<link rel=\"canonical\" href=\"https:\/\/telemar.md\/ro\/russkiy-consumer-data-privacy-policy\/\" \/>\n<meta property=\"og:locale\" content=\"ro_RO\" \/>\n<meta property=\"og:type\" content=\"article\" \/>\n<meta property=\"og:title\" content=\"Politica de privacitate a consumatorilor - Telemar\" \/>\n<meta property=\"og:description\" content=\"Prezentul acord define\u0219te condi\u021biile de utilizare a site-ului https:\/\/telemar.md (denumit \u00een continuare \u201esite\u201d), precum \u0219i materialele \u0219i serviciile postate pe\" \/>\n<meta property=\"og:url\" content=\"https:\/\/telemar.md\/ro\/russkiy-consumer-data-privacy-policy\/\" \/>\n<meta property=\"og:site_name\" content=\"Telemar\" \/>\n<meta property=\"article:modified_time\" content=\"2020-08-05T10:34:16+00:00\" \/>\n<meta name=\"twitter:card\" content=\"summary_large_image\" \/>\n<meta name=\"twitter:label1\" content=\"Timp estimat pentru citire\" \/>\n\t<meta name=\"twitter:data1\" content=\"4 minute\" \/>\n<script type=\"application\/ld+json\" class=\"yoast-schema-graph\">{\"@context\":\"https:\/\/schema.org\",\"@graph\":[{\"@type\":\"WebPage\",\"@id\":\"https:\/\/telemar.md\/ro\/russkiy-consumer-data-privacy-policy\/\",\"url\":\"https:\/\/telemar.md\/ro\/russkiy-consumer-data-privacy-policy\/\",\"name\":\"Politica de privacitate a consumatorilor - Telemar\",\"isPartOf\":{\"@id\":\"https:\/\/telemar.md\/ro\/#website\"},\"datePublished\":\"2020-08-05T08:32:17+00:00\",\"dateModified\":\"2020-08-05T10:34:16+00:00\",\"breadcrumb\":{\"@id\":\"https:\/\/telemar.md\/ro\/russkiy-consumer-data-privacy-policy\/#breadcrumb\"},\"inLanguage\":\"ro-RO\",\"potentialAction\":[{\"@type\":\"ReadAction\",\"target\":[\"https:\/\/telemar.md\/ro\/russkiy-consumer-data-privacy-policy\/\"]}]},{\"@type\":\"BreadcrumbList\",\"@id\":\"https:\/\/telemar.md\/ro\/russkiy-consumer-data-privacy-policy\/#breadcrumb\",\"itemListElement\":[{\"@type\":\"ListItem\",\"position\":1,\"name\":\"Prima pagin\u0103\",\"item\":\"https:\/\/telemar.md\/\"},{\"@type\":\"ListItem\",\"position\":2,\"name\":\"Politica de privacitate a consumatorilor\"}]},{\"@type\":\"WebSite\",\"@id\":\"https:\/\/telemar.md\/ro\/#website\",\"url\":\"https:\/\/telemar.md\/ro\/\",\"name\":\"Telemar\",\"description\":\"Telemar\",\"potentialAction\":[{\"@type\":\"SearchAction\",\"target\":{\"@type\":\"EntryPoint\",\"urlTemplate\":\"https:\/\/telemar.md\/ro\/?s={search_term_string}\"},\"query-input\":\"required name=search_term_string\"}],\"inLanguage\":\"ro-RO\"}]}<\/script>\n<!-- \/ Yoast SEO plugin. -->","yoast_head_json":{"title":"Politica de privacitate a consumatorilor - Telemar","robots":{"index":"index","follow":"follow","max-snippet":"max-snippet:-1","max-image-preview":"max-image-preview:large","max-video-preview":"max-video-preview:-1"},"canonical":"https:\/\/telemar.md\/ro\/russkiy-consumer-data-privacy-policy\/","og_locale":"ro_RO","og_type":"article","og_title":"Politica de privacitate a consumatorilor - Telemar","og_description":"Prezentul acord define\u0219te condi\u021biile de utilizare a site-ului https:\/\/telemar.md (denumit \u00een continuare \u201esite\u201d), precum \u0219i materialele \u0219i serviciile postate pe","og_url":"https:\/\/telemar.md\/ro\/russkiy-consumer-data-privacy-policy\/","og_site_name":"Telemar","article_modified_time":"2020-08-05T10:34:16+00:00","twitter_card":"summary_large_image","twitter_misc":{"Timp estimat pentru citire":"4 minute"},"schema":{"@context":"https:\/\/schema.org","@graph":[{"@type":"WebPage","@id":"https:\/\/telemar.md\/ro\/russkiy-consumer-data-privacy-policy\/","url":"https:\/\/telemar.md\/ro\/russkiy-consumer-data-privacy-policy\/","name":"Politica de privacitate a consumatorilor - Telemar","isPartOf":{"@id":"https:\/\/telemar.md\/ro\/#website"},"datePublished":"2020-08-05T08:32:17+00:00","dateModified":"2020-08-05T10:34:16+00:00","breadcrumb":{"@id":"https:\/\/telemar.md\/ro\/russkiy-consumer-data-privacy-policy\/#breadcrumb"},"inLanguage":"ro-RO","potentialAction":[{"@type":"ReadAction","target":["https:\/\/telemar.md\/ro\/russkiy-consumer-data-privacy-policy\/"]}]},{"@type":"BreadcrumbList","@id":"https:\/\/telemar.md\/ro\/russkiy-consumer-data-privacy-policy\/#breadcrumb","itemListElement":[{"@type":"ListItem","position":1,"name":"Prima pagin\u0103","item":"https:\/\/telemar.md\/"},{"@type":"ListItem","position":2,"name":"Politica de privacitate a consumatorilor"}]},{"@type":"WebSite","@id":"https:\/\/telemar.md\/ro\/#website","url":"https:\/\/telemar.md\/ro\/","name":"Telemar","description":"Telemar","potentialAction":[{"@type":"SearchAction","target":{"@type":"EntryPoint","urlTemplate":"https:\/\/telemar.md\/ro\/?s={search_term_string}"},"query-input":"required name=search_term_string"}],"inLanguage":"ro-RO"}]}},"_links":{"self":[{"href":"https:\/\/telemar.md\/ro\/wp-json\/wp\/v2\/pages\/3646","targetHints":{"allow":["GET"]}}],"collection":[{"href":"https:\/\/telemar.md\/ro\/wp-json\/wp\/v2\/pages"}],"about":[{"href":"https:\/\/telemar.md\/ro\/wp-json\/wp\/v2\/types\/page"}],"author":[{"embeddable":true,"href":"https:\/\/telemar.md\/ro\/wp-json\/wp\/v2\/users\/5"}],"replies":[{"embeddable":true,"href":"https:\/\/telemar.md\/ro\/wp-json\/wp\/v2\/comments?post=3646"}],"version-history":[{"count":3,"href":"https:\/\/telemar.md\/ro\/wp-json\/wp\/v2\/pages\/3646\/revisions"}],"predecessor-version":[{"id":3677,"href":"https:\/\/telemar.md\/ro\/wp-json\/wp\/v2\/pages\/3646\/revisions\/3677"}],"wp:attachment":[{"href":"https:\/\/telemar.md\/ro\/wp-json\/wp\/v2\/media?parent=3646"}],"curies":[{"name":"wp","href":"https:\/\/api.w.org\/{rel}","templated":true}]}}