{"id":3644,"date":"2020-08-05T08:30:56","date_gmt":"2020-08-05T08:30:56","guid":{"rendered":"https:\/\/telemar.md\/?page_id=3644"},"modified":"2020-08-05T10:30:45","modified_gmt":"2020-08-05T10:30:45","slug":"return-and-refund-policy","status":"publish","type":"page","link":"https:\/\/telemar.md\/ro\/return-and-refund-policy\/","title":{"rendered":"Politica de returnare"},"content":{"rendered":"<p>Politica de returnare<\/p>\n<p>\u00centoarcere:<\/p>\n<p>Dac\u0103, din orice motiv, dori\u021bi s\u0103 returna\u021bi un articol, oferim o garan\u021bie de returnare a banilor pentru 30 de zile.<\/p>\n<p>Pentru a fi eligibil pentru o returnare, produsul trebuie returnat \u00een ambalajul original \u00eempreun\u0103 cu factura original\u0103 \u00een termen de 30 de zile de la achizi\u021bie pentru o rambursare complet\u0103 a pre\u021bului de achizi\u021bie, minus transportul. Sunte\u021bi responsabil pentru costul transportului de retur.<\/p>\n<p>Pentru a facilita procesul de returnare, trebuie s\u0103 utiliza\u021bi Formularul de autorizare a m\u0103rfurilor de returnare. Ve\u021bi primi un num\u0103r de autoriza\u021bie de returnare, care trebuie s\u0103 fie scris pe exteriorul c\u0103su\u021bei de transport. Dac\u0103 pachetul este returnat f\u0103r\u0103 un num\u0103r de autoriza\u021bie de retur, returul poate fi \u00eent\u00e2rziat sau respins.<\/p>\n<p>ramburs\u0103ri:<\/p>\n<p>Odat\u0103 ce primim obiectul dvs., \u00eel vom inspecta \u0219i v\u0103 vom anun\u021ba c\u0103 am primit obiectul returnat. V\u0103 vom informa imediat despre starea returului dvs. dup\u0103 inspectarea articolului.<\/p>\n<p>\u00cen cazul \u00een care returnarea dvs. este aprobat\u0103, vom ini\u021bia returnarea pe cardul dvs. de credit (sau metoda de plat\u0103 original\u0103). Vei primi un \u00eemprumut \u00eentr-un anumit num\u0103r de zile, \u00een func\u021bie de politica emitentului cardului t\u0103u.<\/p>\n<p>Livrare:<\/p>\n<p>Sunte\u021bi responsabil pentru plata propriilor cheltuieli de transport la returnarea unui articol. Costul de transport nu este rambursabil.<\/p>\n<p>Pentru a ne contacta:<\/p>\n<p>Pentru asisten\u021b\u0103 suplimentar\u0103 \u00een procesarea retururilor, v\u0103 rug\u0103m s\u0103 contacta\u021bi asisten\u021ba Telemar la <a href=\"tel: +37362058999\">+37362058999<\/a>; <a href=\"tel: +37362059000\">37362059000<\/a>.<\/p>\n<p>Produse care nu pot fi returnate \/ returnate<\/p>\n<p>Return\u0103rile \/ ramburs\u0103rile nu vor fi permise datorit\u0103 faptului c\u0103 comanda de expediere automat\u0103 nu este anulat\u0103 la timp. Formularul de anulare a expedi\u021biei auto trebuie trimis cu cel pu\u021bin cinci (5) zile lucr\u0103toare \u00eenainte de data urm\u0103toare de prelucrare programat\u0103 pentru o comand\u0103 de expediere automat\u0103. Pentru asisten\u021b\u0103 suplimentar\u0103 \u00een tratarea retururilor, v\u0103 rug\u0103m s\u0103 contacta\u021bi asisten\u021ba Telemar la: <a href=\"tel: +37362058999\">+37362058999<\/a>; <a href=\"tel: +37362059000\">37362059000<\/a>.<\/p>\n","protected":false},"excerpt":{"rendered":"<p>Politica de returnare \u00centoarcere: Dac\u0103, din orice motiv, dori\u021bi s\u0103 returna\u021bi un articol, oferim o garan\u021bie de returnare a banilor<\/p>\n","protected":false},"author":5,"featured_media":0,"parent":0,"menu_order":0,"comment_status":"closed","ping_status":"closed","template":"","meta":{"footnotes":""},"class_list":["post-3644","page","type-page","status-publish","hentry"],"yoast_head":"<!-- This site is optimized with the Yoast SEO plugin v20.9 - https:\/\/yoast.com\/wordpress\/plugins\/seo\/ -->\n<title>Politica de returnare - Telemar<\/title>\n<meta name=\"robots\" content=\"index, follow, max-snippet:-1, max-image-preview:large, max-video-preview:-1\" \/>\n<link rel=\"canonical\" href=\"https:\/\/telemar.md\/ro\/return-and-refund-policy\/\" \/>\n<meta property=\"og:locale\" content=\"ro_RO\" \/>\n<meta property=\"og:type\" content=\"article\" \/>\n<meta property=\"og:title\" content=\"Politica de returnare - Telemar\" \/>\n<meta property=\"og:description\" content=\"Politica de returnare \u00centoarcere: Dac\u0103, din orice motiv, dori\u021bi s\u0103 returna\u021bi un articol, oferim o garan\u021bie de returnare a banilor\" \/>\n<meta property=\"og:url\" content=\"https:\/\/telemar.md\/ro\/return-and-refund-policy\/\" \/>\n<meta property=\"og:site_name\" content=\"Telemar\" \/>\n<meta property=\"article:modified_time\" content=\"2020-08-05T10:30:45+00:00\" \/>\n<meta name=\"twitter:card\" content=\"summary_large_image\" \/>\n<meta name=\"twitter:label1\" content=\"Timp estimat pentru citire\" \/>\n\t<meta name=\"twitter:data1\" content=\"2 minute\" \/>\n<script type=\"application\/ld+json\" class=\"yoast-schema-graph\">{\"@context\":\"https:\/\/schema.org\",\"@graph\":[{\"@type\":\"WebPage\",\"@id\":\"https:\/\/telemar.md\/ro\/return-and-refund-policy\/\",\"url\":\"https:\/\/telemar.md\/ro\/return-and-refund-policy\/\",\"name\":\"Politica de returnare - Telemar\",\"isPartOf\":{\"@id\":\"https:\/\/telemar.md\/ro\/#website\"},\"datePublished\":\"2020-08-05T08:30:56+00:00\",\"dateModified\":\"2020-08-05T10:30:45+00:00\",\"breadcrumb\":{\"@id\":\"https:\/\/telemar.md\/ro\/return-and-refund-policy\/#breadcrumb\"},\"inLanguage\":\"ro-RO\",\"potentialAction\":[{\"@type\":\"ReadAction\",\"target\":[\"https:\/\/telemar.md\/ro\/return-and-refund-policy\/\"]}]},{\"@type\":\"BreadcrumbList\",\"@id\":\"https:\/\/telemar.md\/ro\/return-and-refund-policy\/#breadcrumb\",\"itemListElement\":[{\"@type\":\"ListItem\",\"position\":1,\"name\":\"Prima pagin\u0103\",\"item\":\"https:\/\/telemar.md\/\"},{\"@type\":\"ListItem\",\"position\":2,\"name\":\"Politica de returnare\"}]},{\"@type\":\"WebSite\",\"@id\":\"https:\/\/telemar.md\/ro\/#website\",\"url\":\"https:\/\/telemar.md\/ro\/\",\"name\":\"Telemar\",\"description\":\"Telemar\",\"potentialAction\":[{\"@type\":\"SearchAction\",\"target\":{\"@type\":\"EntryPoint\",\"urlTemplate\":\"https:\/\/telemar.md\/ro\/?s={search_term_string}\"},\"query-input\":\"required name=search_term_string\"}],\"inLanguage\":\"ro-RO\"}]}<\/script>\n<!-- \/ Yoast SEO plugin. -->","yoast_head_json":{"title":"Politica de returnare - Telemar","robots":{"index":"index","follow":"follow","max-snippet":"max-snippet:-1","max-image-preview":"max-image-preview:large","max-video-preview":"max-video-preview:-1"},"canonical":"https:\/\/telemar.md\/ro\/return-and-refund-policy\/","og_locale":"ro_RO","og_type":"article","og_title":"Politica de returnare - Telemar","og_description":"Politica de returnare \u00centoarcere: Dac\u0103, din orice motiv, dori\u021bi s\u0103 returna\u021bi un articol, oferim o garan\u021bie de returnare a banilor","og_url":"https:\/\/telemar.md\/ro\/return-and-refund-policy\/","og_site_name":"Telemar","article_modified_time":"2020-08-05T10:30:45+00:00","twitter_card":"summary_large_image","twitter_misc":{"Timp estimat pentru citire":"2 minute"},"schema":{"@context":"https:\/\/schema.org","@graph":[{"@type":"WebPage","@id":"https:\/\/telemar.md\/ro\/return-and-refund-policy\/","url":"https:\/\/telemar.md\/ro\/return-and-refund-policy\/","name":"Politica de returnare - Telemar","isPartOf":{"@id":"https:\/\/telemar.md\/ro\/#website"},"datePublished":"2020-08-05T08:30:56+00:00","dateModified":"2020-08-05T10:30:45+00:00","breadcrumb":{"@id":"https:\/\/telemar.md\/ro\/return-and-refund-policy\/#breadcrumb"},"inLanguage":"ro-RO","potentialAction":[{"@type":"ReadAction","target":["https:\/\/telemar.md\/ro\/return-and-refund-policy\/"]}]},{"@type":"BreadcrumbList","@id":"https:\/\/telemar.md\/ro\/return-and-refund-policy\/#breadcrumb","itemListElement":[{"@type":"ListItem","position":1,"name":"Prima pagin\u0103","item":"https:\/\/telemar.md\/"},{"@type":"ListItem","position":2,"name":"Politica de returnare"}]},{"@type":"WebSite","@id":"https:\/\/telemar.md\/ro\/#website","url":"https:\/\/telemar.md\/ro\/","name":"Telemar","description":"Telemar","potentialAction":[{"@type":"SearchAction","target":{"@type":"EntryPoint","urlTemplate":"https:\/\/telemar.md\/ro\/?s={search_term_string}"},"query-input":"required name=search_term_string"}],"inLanguage":"ro-RO"}]}},"_links":{"self":[{"href":"https:\/\/telemar.md\/ro\/wp-json\/wp\/v2\/pages\/3644","targetHints":{"allow":["GET"]}}],"collection":[{"href":"https:\/\/telemar.md\/ro\/wp-json\/wp\/v2\/pages"}],"about":[{"href":"https:\/\/telemar.md\/ro\/wp-json\/wp\/v2\/types\/page"}],"author":[{"embeddable":true,"href":"https:\/\/telemar.md\/ro\/wp-json\/wp\/v2\/users\/5"}],"replies":[{"embeddable":true,"href":"https:\/\/telemar.md\/ro\/wp-json\/wp\/v2\/comments?post=3644"}],"version-history":[{"count":3,"href":"https:\/\/telemar.md\/ro\/wp-json\/wp\/v2\/pages\/3644\/revisions"}],"predecessor-version":[{"id":3674,"href":"https:\/\/telemar.md\/ro\/wp-json\/wp\/v2\/pages\/3644\/revisions\/3674"}],"wp:attachment":[{"href":"https:\/\/telemar.md\/ro\/wp-json\/wp\/v2\/media?parent=3644"}],"curies":[{"name":"wp","href":"https:\/\/api.w.org\/{rel}","templated":true}]}}